{"id":28,"date":"2026-03-22T20:43:04","date_gmt":"2026-03-22T20:43:04","guid":{"rendered":"https:\/\/guadagato.es\/?page_id=28"},"modified":"2026-04-16T21:14:19","modified_gmt":"2026-04-16T21:14:19","slug":"disenos","status":"publish","type":"page","link":"https:\/\/guadagato.es\/index.php\/disenos\/","title":{"rendered":"DISE\u00d1OS"},"content":{"rendered":"<p>[et_pb_section fb_built=\u00bb1&#8243; admin_label=\u00bbHero Section\u00bb _builder_version=\u00bb4.16&#8243; use_background_color_gradient=\u00bbon\u00bb background_color_gradient_direction=\u00bb131deg\u00bb background_color_gradient_stops=\u00bb#ff6a88 0%|#ff99ac 100%\u00bb background_color_gradient_start=\u00bb#ff6a88&#8243; background_color_gradient_end=\u00bb#ff99ac\u00bb custom_padding=\u00bb80px|0px|80px|0px\u00bb animation_style=\u00bbslide\u00bb animation_direction=\u00bbtop\u00bb animation_intensity_slide=\u00bb2%\u00bb animation_starting_opacity=\u00bb100%\u00bb locked=\u00bboff\u00bb global_colors_info=\u00bb{}\u00bb][et_pb_row _builder_version=\u00bb4.16&#8243; background_size=\u00bbinitial\u00bb background_position=\u00bbtop_left\u00bb background_repeat=\u00bbrepeat\u00bb custom_padding=\u00bb|||\u00bb custom_width_px=\u00bb1440px\u00bb global_colors_info=\u00bb{}\u00bb][et_pb_column type=\u00bb4_4&#8243; _builder_version=\u00bb4.16&#8243; custom_padding=\u00bb|||\u00bb global_colors_info=\u00bb{}\u00bb custom_padding__hover=\u00bb|||\u00bb][et_pb_text _builder_version=\u00bb4.27.4&#8243; text_font=\u00bb||||||||\u00bb header_font=\u00bbCentury Ghotic|700|||||||\u00bb header_text_color=\u00bb#ffffff\u00bb header_font_size=\u00bb60px\u00bb header_line_height=\u00bb1.5em\u00bb header_2_font=\u00bb||||||||\u00bb header_3_font=\u00bb||||||||\u00bb header_4_font=\u00bb||||||||\u00bb header_5_font=\u00bb||||||||\u00bb header_6_font=\u00bb||||||||\u00bb background_size=\u00bbinitial\u00bb background_position=\u00bbtop_left\u00bb background_repeat=\u00bbrepeat\u00bb text_orientation=\u00bbcenter\u00bb module_alignment=\u00bbcenter\u00bb custom_margin=\u00bb||20px|\u00bb hover_enabled=\u00bb0&#8243; locked=\u00bboff\u00bb global_colors_info=\u00bb{}\u00bb sticky_enabled=\u00bb0&#8243;]<\/p>\n<h1>Guada Gato Gallery<\/h1>\n<p>[\/et_pb_text][et_pb_divider color=\u00bb#f7d584&#8243; divider_weight=\u00bb3px\u00bb disabled_on=\u00bbon|on|off\u00bb _builder_version=\u00bb4.16&#8243; max_width=\u00bb80px\u00bb module_alignment=\u00bbcenter\u00bb height=\u00bb10px\u00bb custom_margin=\u00bb||20px|\u00bb animation_style=\u00bbslide\u00bb animation_direction=\u00bbbottom\u00bb saved_tabs=\u00bball\u00bb locked=\u00bboff\u00bb global_colors_info=\u00bb{}\u00bb][\/et_pb_divider][et_pb_text _builder_version=\u00bb4.16&#8243; text_font=\u00bbPoppins||||||||\u00bb text_text_color=\u00bbrgba(255,255,255,0.8)\u00bb text_font_size=\u00bb18px\u00bb text_line_height=\u00bb1.8em\u00bb header_font=\u00bb||||||||\u00bb text_orientation=\u00bbcenter\u00bb max_width=\u00bb600px\u00bb module_alignment=\u00bbcenter\u00bb locked=\u00bboff\u00bb global_colors_info=\u00bb{}\u00bb]<\/p>\n<p>Estudio de interiorismo en Ibiza especializado en dise\u00f1o de interiores contempor\u00e1neo para viviendas, villas de lujo y espacios comerciales en Baleares, Alicante y Murcia.<\/p>\n<p>[\/et_pb_text][\/et_pb_column][\/et_pb_row][\/et_pb_section][et_pb_section fb_built=\u00bb1&#8243; _builder_version=\u00bb4.27.4&#8243; transform_translate=\u00bb13px|-265px\u00bb width=\u00bb100%\u00bb max_width=\u00bb100%\u00bb min_height=\u00bb1000px\u00bb height=\u00bb1000px\u00bb custom_margin=\u00bb187px||||false|false\u00bb custom_padding=\u00bb|||\u00bb global_colors_info=\u00bb{}\u00bb][et_pb_row column_structure=\u00bb1_3,1_3,1_3&#8243; use_custom_gutter=\u00bbon\u00bb gutter_width=\u00bb1&#8243; make_equal=\u00bbon\u00bb _builder_version=\u00bb4.27.4&#8243; width=\u00bb100%\u00bb max_width=\u00bb2560px\u00bb min_height=\u00bb1000px\u00bb height=\u00bb1000px\u00bb max_height=\u00bb1000px\u00bb custom_margin=\u00bb|||\u00bb custom_padding=\u00bb|||\u00bb border_width_all=\u00bb1px\u00bb border_color_all=\u00bbRGBA(255,255,255,0)\u00bb use_custom_width=\u00bbon\u00bb custom_width_px=\u00bb1280px\u00bb global_colors_info=\u00bb{}\u00bb][et_pb_column type=\u00bb1_3&#8243; _builder_version=\u00bb4.16&#8243; custom_padding=\u00bb|||\u00bb global_colors_info=\u00bb{}\u00bb custom_padding__hover=\u00bb|||\u00bb][et_pb_image src=\u00bbhttps:\/\/guadagato.es\/wp-content\/uploads\/2026\/03\/Enscape_2023-04-18-08-59-02.jpg\u00bb title_text=\u00bbEnscape_2023-04-18-08-59-02&#8243; show_in_lightbox=\u00bbon\u00bb use_overlay=\u00bbon\u00bb overlay_icon_color=\u00bbrgba(0,0,0,0.22)\u00bb hover_overlay_color=\u00bbrgba(255,255,255,0.29)\u00bb align_tablet=\u00bbcenter\u00bb align_phone=\u00bbcenter\u00bb align_last_edited=\u00bbon|desktop\u00bb _builder_version=\u00bb4.27.4&#8243; custom_margin=\u00bb||15%|\u00bb animation_style=\u00bbslide\u00bb animation_direction=\u00bbbottom\u00bb animation_intensity_slide=\u00bb4%\u00bb global_colors_info=\u00bb{}\u00bb][\/et_pb_image][et_pb_image src=\u00bbhttps:\/\/guadagato.es\/wp-content\/uploads\/2026\/03\/Fondo-01.png\u00bb title_text=\u00bbFondo 01&#8243; show_in_lightbox=\u00bbon\u00bb use_overlay=\u00bbon\u00bb overlay_icon_color=\u00bbrgba(0,0,0,0.22)\u00bb hover_overlay_color=\u00bbrgba(255,255,255,0.29)\u00bb align_tablet=\u00bbcenter\u00bb align_phone=\u00bbcenter\u00bb align_last_edited=\u00bbon|desktop\u00bb _builder_version=\u00bb4.27.4&#8243; custom_margin=\u00bb||15%|\u00bb animation_style=\u00bbslide\u00bb animation_direction=\u00bbbottom\u00bb animation_intensity_slide=\u00bb4%\u00bb locked=\u00bboff\u00bb global_colors_info=\u00bb{}\u00bb][\/et_pb_image][et_pb_image src=\u00bbhttps:\/\/guadagato.es\/wp-content\/uploads\/2026\/03\/Suit-Bano-01.png\u00bb title_text=\u00bbSuit Ban\u0303o 01&#8243; show_in_lightbox=\u00bbon\u00bb use_overlay=\u00bbon\u00bb overlay_icon_color=\u00bbrgba(0,0,0,0.22)\u00bb hover_overlay_color=\u00bbrgba(255,255,255,0.29)\u00bb align_tablet=\u00bbcenter\u00bb align_phone=\u00bbcenter\u00bb align_last_edited=\u00bbon|desktop\u00bb _builder_version=\u00bb4.27.4&#8243; custom_margin=\u00bb||15%|\u00bb animation_style=\u00bbslide\u00bb animation_direction=\u00bbbottom\u00bb animation_intensity_slide=\u00bb4%\u00bb locked=\u00bboff\u00bb global_colors_info=\u00bb{}\u00bb][\/et_pb_image][\/et_pb_column][et_pb_column type=\u00bb1_3&#8243; _builder_version=\u00bb4.16&#8243; custom_padding=\u00bb|||\u00bb global_colors_info=\u00bb{}\u00bb custom_padding__hover=\u00bb|||\u00bb][et_pb_image src=\u00bbhttps:\/\/guadagato.es\/wp-content\/uploads\/2026\/03\/Terraza1.jpg\u00bb title_text=\u00bbTerraza1&#8243; show_in_lightbox=\u00bbon\u00bb use_overlay=\u00bbon\u00bb overlay_icon_color=\u00bbrgba(0,0,0,0.22)\u00bb hover_overlay_color=\u00bbrgba(255,255,255,0.29)\u00bb align_tablet=\u00bbcenter\u00bb align_phone=\u00bbcenter\u00bb align_last_edited=\u00bbon|desktop\u00bb _builder_version=\u00bb4.27.4&#8243; custom_margin=\u00bb||15%|\u00bb animation_style=\u00bbslide\u00bb animation_direction=\u00bbbottom\u00bb animation_intensity_slide=\u00bb4%\u00bb locked=\u00bboff\u00bb global_colors_info=\u00bb{}\u00bb][\/et_pb_image][et_pb_image src=\u00bbhttps:\/\/guadagato.es\/wp-content\/uploads\/2026\/03\/tIENDA01.png\u00bb title_text=\u00bbtIENDA01&#8243; show_in_lightbox=\u00bbon\u00bb use_overlay=\u00bbon\u00bb overlay_icon_color=\u00bbrgba(0,0,0,0.22)\u00bb hover_overlay_color=\u00bbrgba(255,255,255,0.29)\u00bb align_tablet=\u00bbcenter\u00bb align_phone=\u00bbcenter\u00bb align_last_edited=\u00bbon|desktop\u00bb _builder_version=\u00bb4.27.4&#8243; custom_margin=\u00bb||15%|\u00bb animation_style=\u00bbslide\u00bb animation_direction=\u00bbbottom\u00bb animation_intensity_slide=\u00bb4%\u00bb locked=\u00bboff\u00bb global_colors_info=\u00bb{}\u00bb][\/et_pb_image][et_pb_image src=\u00bbhttps:\/\/guadagato.es\/wp-content\/uploads\/2026\/03\/Hotel-boutique03.png\u00bb title_text=\u00bbHotel boutique03&#8243; show_in_lightbox=\u00bbon\u00bb use_overlay=\u00bbon\u00bb overlay_icon_color=\u00bbrgba(0,0,0,0.22)\u00bb hover_overlay_color=\u00bbrgba(255,255,255,0.29)\u00bb align_tablet=\u00bbcenter\u00bb align_phone=\u00bbcenter\u00bb align_last_edited=\u00bbon|desktop\u00bb _builder_version=\u00bb4.27.4&#8243; custom_margin=\u00bb||15%|\u00bb animation_style=\u00bbslide\u00bb animation_direction=\u00bbbottom\u00bb animation_intensity_slide=\u00bb4%\u00bb locked=\u00bboff\u00bb global_colors_info=\u00bb{}\u00bb][\/et_pb_image][\/et_pb_column][et_pb_column type=\u00bb1_3&#8243; _builder_version=\u00bb4.16&#8243; custom_padding=\u00bb|||\u00bb global_colors_info=\u00bb{}\u00bb custom_padding__hover=\u00bb|||\u00bb][et_pb_image src=\u00bbhttps:\/\/guadagato.es\/wp-content\/uploads\/2026\/03\/Enscape_2023-04-18-08-56-07.png\u00bb title_text=\u00bbEnscape_2023-04-18-08-56-07&#8243; show_in_lightbox=\u00bbon\u00bb use_overlay=\u00bbon\u00bb overlay_icon_color=\u00bbrgba(0,0,0,0.22)\u00bb hover_overlay_color=\u00bbrgba(255,255,255,0.29)\u00bb align_tablet=\u00bbcenter\u00bb align_phone=\u00bbcenter\u00bb align_last_edited=\u00bbon|desktop\u00bb _builder_version=\u00bb4.27.4&#8243; custom_margin=\u00bb||15%|\u00bb animation_style=\u00bbslide\u00bb animation_direction=\u00bbbottom\u00bb animation_intensity_slide=\u00bb4%\u00bb locked=\u00bboff\u00bb global_colors_info=\u00bb{}\u00bb][\/et_pb_image][et_pb_image src=\u00bbhttps:\/\/guadagato.es\/wp-content\/uploads\/2026\/03\/Tienda02-1.png\u00bb title_text=\u00bbTienda02&#8243; show_in_lightbox=\u00bbon\u00bb use_overlay=\u00bbon\u00bb overlay_icon_color=\u00bbrgba(0,0,0,0.22)\u00bb hover_overlay_color=\u00bbrgba(255,255,255,0.29)\u00bb align_tablet=\u00bbcenter\u00bb align_phone=\u00bbcenter\u00bb align_last_edited=\u00bbon|desktop\u00bb _builder_version=\u00bb4.27.4&#8243; custom_margin=\u00bb||15%|\u00bb animation_style=\u00bbslide\u00bb animation_direction=\u00bbbottom\u00bb animation_intensity_slide=\u00bb4%\u00bb locked=\u00bboff\u00bb global_colors_info=\u00bb{}\u00bb][\/et_pb_image][et_pb_image src=\u00bbhttps:\/\/guadagato.es\/wp-content\/uploads\/2026\/03\/Tienda02.png\u00bb title_text=\u00bbTienda02&#8243; show_in_lightbox=\u00bbon\u00bb use_overlay=\u00bbon\u00bb overlay_icon_color=\u00bbrgba(0,0,0,0.22)\u00bb hover_overlay_color=\u00bbrgba(255,255,255,0.29)\u00bb align_tablet=\u00bbcenter\u00bb align_phone=\u00bbcenter\u00bb align_last_edited=\u00bbon|desktop\u00bb _builder_version=\u00bb4.27.4&#8243; custom_margin=\u00bb||15%|\u00bb animation_style=\u00bbslide\u00bb animation_direction=\u00bbbottom\u00bb animation_intensity_slide=\u00bb4%\u00bb locked=\u00bboff\u00bb global_colors_info=\u00bb{}\u00bb][\/et_pb_image][\/et_pb_column][\/et_pb_row][\/et_pb_section]<\/p>\n","protected":false},"excerpt":{"rendered":"<p>Guada Gato GalleryEstudio de interiorismo en Ibiza especializado en dise\u00f1o de interiores contempor\u00e1neo para viviendas, villas de lujo y espacios comerciales en Baleares, Alicante y Murcia.<\/p>\n","protected":false},"author":1,"featured_media":0,"parent":0,"menu_order":0,"comment_status":"closed","ping_status":"closed","template":"","meta":{"_et_pb_use_builder":"on","_et_pb_old_content":"","_et_gb_content_width":"","footnotes":""},"class_list":["post-28","page","type-page","status-publish","hentry"],"yoast_head":"<!-- This site is optimized with the Yoast SEO plugin v27.4 - https:\/\/yoast.com\/product\/yoast-seo-wordpress\/ -->\n<title>DISE\u00d1OS - Dise\u00f1o de interiores<\/title>\n<meta name=\"robots\" content=\"index, follow, max-snippet:-1, max-image-preview:large, max-video-preview:-1\" \/>\n<link rel=\"canonical\" href=\"https:\/\/guadagato.es\/index.php\/disenos\/\" \/>\n<meta property=\"og:locale\" content=\"es_ES\" \/>\n<meta property=\"og:type\" content=\"article\" \/>\n<meta property=\"og:title\" content=\"DISE\u00d1OS - Dise\u00f1o de interiores\" \/>\n<meta property=\"og:description\" content=\"Guada Gato GalleryEstudio de interiorismo en Ibiza especializado en dise\u00f1o de interiores contempor\u00e1neo para viviendas, villas de lujo y espacios comerciales en Baleares, Alicante y Murcia.\" \/>\n<meta property=\"og:url\" content=\"https:\/\/guadagato.es\/index.php\/disenos\/\" \/>\n<meta property=\"og:site_name\" content=\"Dise\u00f1o de interiores\" \/>\n<meta property=\"article:modified_time\" content=\"2026-04-16T21:14:19+00:00\" \/>\n<meta name=\"twitter:card\" content=\"summary_large_image\" \/>\n<meta name=\"twitter:label1\" content=\"Tiempo de lectura\" \/>\n\t<meta name=\"twitter:data1\" content=\"5 minutos\" \/>\n<script type=\"application\/ld+json\" class=\"yoast-schema-graph\">{\"@context\":\"https:\\\/\\\/schema.org\",\"@graph\":[{\"@type\":\"WebPage\",\"@id\":\"https:\\\/\\\/guadagato.es\\\/index.php\\\/disenos\\\/\",\"url\":\"https:\\\/\\\/guadagato.es\\\/index.php\\\/disenos\\\/\",\"name\":\"DISE\u00d1OS - Dise\u00f1o de interiores\",\"isPartOf\":{\"@id\":\"https:\\\/\\\/guadagato.es\\\/#website\"},\"datePublished\":\"2026-03-22T20:43:04+00:00\",\"dateModified\":\"2026-04-16T21:14:19+00:00\",\"breadcrumb\":{\"@id\":\"https:\\\/\\\/guadagato.es\\\/index.php\\\/disenos\\\/#breadcrumb\"},\"inLanguage\":\"es\",\"potentialAction\":[{\"@type\":\"ReadAction\",\"target\":[\"https:\\\/\\\/guadagato.es\\\/index.php\\\/disenos\\\/\"]}]},{\"@type\":\"BreadcrumbList\",\"@id\":\"https:\\\/\\\/guadagato.es\\\/index.php\\\/disenos\\\/#breadcrumb\",\"itemListElement\":[{\"@type\":\"ListItem\",\"position\":1,\"name\":\"Portada\",\"item\":\"https:\\\/\\\/guadagato.es\\\/\"},{\"@type\":\"ListItem\",\"position\":2,\"name\":\"DISE\u00d1OS\"}]},{\"@type\":\"WebSite\",\"@id\":\"https:\\\/\\\/guadagato.es\\\/#website\",\"url\":\"https:\\\/\\\/guadagato.es\\\/\",\"name\":\"Dise\u00f1o de interiores\",\"description\":\"Dise\u00f1o de interiores Guada Gato\",\"potentialAction\":[{\"@type\":\"SearchAction\",\"target\":{\"@type\":\"EntryPoint\",\"urlTemplate\":\"https:\\\/\\\/guadagato.es\\\/?s={search_term_string}\"},\"query-input\":{\"@type\":\"PropertyValueSpecification\",\"valueRequired\":true,\"valueName\":\"search_term_string\"}}],\"inLanguage\":\"es\"}]}<\/script>\n<!-- \/ Yoast SEO plugin. -->","yoast_head_json":{"title":"DISE\u00d1OS - Dise\u00f1o de interiores","robots":{"index":"index","follow":"follow","max-snippet":"max-snippet:-1","max-image-preview":"max-image-preview:large","max-video-preview":"max-video-preview:-1"},"canonical":"https:\/\/guadagato.es\/index.php\/disenos\/","og_locale":"es_ES","og_type":"article","og_title":"DISE\u00d1OS - Dise\u00f1o de interiores","og_description":"Guada Gato GalleryEstudio de interiorismo en Ibiza especializado en dise\u00f1o de interiores contempor\u00e1neo para viviendas, villas de lujo y espacios comerciales en Baleares, Alicante y Murcia.","og_url":"https:\/\/guadagato.es\/index.php\/disenos\/","og_site_name":"Dise\u00f1o de interiores","article_modified_time":"2026-04-16T21:14:19+00:00","twitter_card":"summary_large_image","twitter_misc":{"Tiempo de lectura":"5 minutos"},"schema":{"@context":"https:\/\/schema.org","@graph":[{"@type":"WebPage","@id":"https:\/\/guadagato.es\/index.php\/disenos\/","url":"https:\/\/guadagato.es\/index.php\/disenos\/","name":"DISE\u00d1OS - Dise\u00f1o de interiores","isPartOf":{"@id":"https:\/\/guadagato.es\/#website"},"datePublished":"2026-03-22T20:43:04+00:00","dateModified":"2026-04-16T21:14:19+00:00","breadcrumb":{"@id":"https:\/\/guadagato.es\/index.php\/disenos\/#breadcrumb"},"inLanguage":"es","potentialAction":[{"@type":"ReadAction","target":["https:\/\/guadagato.es\/index.php\/disenos\/"]}]},{"@type":"BreadcrumbList","@id":"https:\/\/guadagato.es\/index.php\/disenos\/#breadcrumb","itemListElement":[{"@type":"ListItem","position":1,"name":"Portada","item":"https:\/\/guadagato.es\/"},{"@type":"ListItem","position":2,"name":"DISE\u00d1OS"}]},{"@type":"WebSite","@id":"https:\/\/guadagato.es\/#website","url":"https:\/\/guadagato.es\/","name":"Dise\u00f1o de interiores","description":"Dise\u00f1o de interiores Guada Gato","potentialAction":[{"@type":"SearchAction","target":{"@type":"EntryPoint","urlTemplate":"https:\/\/guadagato.es\/?s={search_term_string}"},"query-input":{"@type":"PropertyValueSpecification","valueRequired":true,"valueName":"search_term_string"}}],"inLanguage":"es"}]}},"_links":{"self":[{"href":"https:\/\/guadagato.es\/index.php\/wp-json\/wp\/v2\/pages\/28","targetHints":{"allow":["GET"]}}],"collection":[{"href":"https:\/\/guadagato.es\/index.php\/wp-json\/wp\/v2\/pages"}],"about":[{"href":"https:\/\/guadagato.es\/index.php\/wp-json\/wp\/v2\/types\/page"}],"author":[{"embeddable":true,"href":"https:\/\/guadagato.es\/index.php\/wp-json\/wp\/v2\/users\/1"}],"replies":[{"embeddable":true,"href":"https:\/\/guadagato.es\/index.php\/wp-json\/wp\/v2\/comments?post=28"}],"version-history":[{"count":9,"href":"https:\/\/guadagato.es\/index.php\/wp-json\/wp\/v2\/pages\/28\/revisions"}],"predecessor-version":[{"id":139,"href":"https:\/\/guadagato.es\/index.php\/wp-json\/wp\/v2\/pages\/28\/revisions\/139"}],"wp:attachment":[{"href":"https:\/\/guadagato.es\/index.php\/wp-json\/wp\/v2\/media?parent=28"}],"curies":[{"name":"wp","href":"https:\/\/api.w.org\/{rel}","templated":true}]}}